{"id":44,"date":"2025-09-23T10:10:15","date_gmt":"2025-09-23T10:10:15","guid":{"rendered":"https:\/\/tanialudwig.com\/?page_id=44"},"modified":"2025-09-23T14:31:14","modified_gmt":"2025-09-23T14:31:14","slug":"home","status":"publish","type":"page","link":"https:\/\/tanialudwig.com\/de\/","title":{"rendered":"Home"},"content":{"rendered":"<div data-elementor-type=\"wp-page\" data-elementor-id=\"44\" class=\"elementor elementor-44\" data-elementor-post-type=\"page\">\n\t\t\t\t<div class=\"elementor-element elementor-element-5e04c9b e-con-full e-flex e-con e-parent\" data-id=\"5e04c9b\" data-element_type=\"container\">\n\t\t<div class=\"elementor-element elementor-element-5381d58 e-con-full e-flex e-con e-child\" data-id=\"5381d58\" data-element_type=\"container\" data-settings=\"{&quot;background_background&quot;:&quot;classic&quot;}\">\n\t\t<div class=\"elementor-element elementor-element-79da5ef e-con-full e-flex e-con e-child\" data-id=\"79da5ef\" data-element_type=\"container\">\n\t\t\t\t<div class=\"elementor-element elementor-element-4197b7d exad-sticky-section-no exad-glass-effect-no elementor-widget elementor-widget-image\" data-id=\"4197b7d\" data-element_type=\"widget\" data-widget_type=\"image.default\">\n\t\t\t\t<div class=\"elementor-widget-container\">\n\t\t\t\t\t\t\t\t\t\t\t\t\t\t\t<img decoding=\"async\" width=\"220\" height=\"100\" src=\"https:\/\/tanialudwig.com\/wp-content\/uploads\/2025\/09\/logo2.png\" class=\"attachment-large size-large wp-image-151\" alt=\"\" \/>\t\t\t\t\t\t\t\t\t\t\t\t\t\t\t<\/div>\n\t\t\t\t<\/div>\n\t\t\t\t<\/div>\n\t\t\t\t<div class=\"elementor-element elementor-element-f78dfdc exad-sticky-section-no exad-glass-effect-no elementor-widget elementor-widget-image-box\" data-id=\"f78dfdc\" data-element_type=\"widget\" data-widget_type=\"image-box.default\">\n\t\t\t\t<div class=\"elementor-widget-container\">\n\t\t\t\t\t<div class=\"elementor-image-box-wrapper\"><div class=\"elementor-image-box-content\"><h3 class=\"elementor-image-box-title\">Bachbl\u00fctentherapie<\/h3><p class=\"elementor-image-box-description\">F\u00f6rdern Sie emotionale Ausgeglichenheit und Wohlbefinden in Ihrem t\u00e4glichen Leben mit Bachbl\u00fcten, einer nat\u00fcrlichen Therapie, die f\u00fcr alle Altersgruppen geeignet ist \u2013 von Kindern bis zu \u00e4lteren Menschen \u2013 und die auch bei der Pflege und Harmonie von Tieren helfen kann.\n<\/p><\/div><\/div>\t\t\t\t<\/div>\n\t\t\t\t<\/div>\n\t\t\t\t<div class=\"elementor-element elementor-element-5e1f771 elementor-align-center exad-sticky-section-no exad-glass-effect-no elementor-widget elementor-widget-button\" data-id=\"5e1f771\" data-element_type=\"widget\" data-widget_type=\"button.default\">\n\t\t\t\t<div class=\"elementor-widget-container\">\n\t\t\t\t\t\t\t\t\t<div class=\"elementor-button-wrapper\">\n\t\t\t\t\t<a class=\"elementor-button elementor-button-link elementor-size-sm\" href=\"https:\/\/tanialudwig.com\/de\/florais-de-bach\/\">\n\t\t\t\t\t\t<span class=\"elementor-button-content-wrapper\">\n\t\t\t\t\t\t\t\t\t<span class=\"elementor-button-text\">Klicken Sie hier, um einzutreten<\/span>\n\t\t\t\t\t<\/span>\n\t\t\t\t\t<\/a>\n\t\t\t\t<\/div>\n\t\t\t\t\t\t\t\t<\/div>\n\t\t\t\t<\/div>\n\t\t\t\t<\/div>\n\t\t<div class=\"elementor-element elementor-element-b5ef615 e-con-full e-flex e-con e-child\" data-id=\"b5ef615\" data-element_type=\"container\" data-settings=\"{&quot;background_background&quot;:&quot;classic&quot;}\">\n\t\t<div class=\"elementor-element elementor-element-d6a99b7 e-con-full e-flex e-con e-child\" data-id=\"d6a99b7\" data-element_type=\"container\">\n\t\t\t\t<div class=\"elementor-element elementor-element-895cd3d exad-sticky-section-no exad-glass-effect-no elementor-widget elementor-widget-image\" data-id=\"895cd3d\" data-element_type=\"widget\" data-widget_type=\"image.default\">\n\t\t\t\t<div class=\"elementor-widget-container\">\n\t\t\t\t\t\t\t\t\t\t\t\t\t\t\t<img decoding=\"async\" width=\"220\" height=\"100\" src=\"https:\/\/tanialudwig.com\/wp-content\/uploads\/2025\/09\/logo2.png\" class=\"attachment-large size-large wp-image-151\" alt=\"\" \/>\t\t\t\t\t\t\t\t\t\t\t\t\t\t\t<\/div>\n\t\t\t\t<\/div>\n\t\t\t\t<\/div>\n\t\t\t\t<div class=\"elementor-element elementor-element-f6ddb95 exad-sticky-section-no exad-glass-effect-no elementor-widget elementor-widget-image-box\" data-id=\"f6ddb95\" data-element_type=\"widget\" data-widget_type=\"image-box.default\">\n\t\t\t\t<div class=\"elementor-widget-container\">\n\t\t\t\t\t<div class=\"elementor-image-box-wrapper\"><div class=\"elementor-image-box-content\"><h3 class=\"elementor-image-box-title\">Familienberatung<\/h3><p class=\"elementor-image-box-description\">Professionelle Unterst\u00fctzung, um Familien dabei zu helfen, ausgeglichenere, respektvollere und ges\u00fcndere Beziehungen aufzubauen und Eltern auf die Herausforderungen des modernen Lebens vorzubereiten.\n<\/p><\/div><\/div>\t\t\t\t<\/div>\n\t\t\t\t<\/div>\n\t\t\t\t<div class=\"elementor-element elementor-element-1ddf7ac elementor-align-center exad-sticky-section-no exad-glass-effect-no elementor-widget elementor-widget-button\" data-id=\"1ddf7ac\" data-element_type=\"widget\" data-widget_type=\"button.default\">\n\t\t\t\t<div class=\"elementor-widget-container\">\n\t\t\t\t\t\t\t\t\t<div class=\"elementor-button-wrapper\">\n\t\t\t\t\t<a class=\"elementor-button elementor-button-link elementor-size-sm\" href=\"https:\/\/tanialudwig.com\/de\/orientacao-familiar\/\">\n\t\t\t\t\t\t<span class=\"elementor-button-content-wrapper\">\n\t\t\t\t\t\t\t\t\t<span class=\"elementor-button-text\">Klicken Sie hier, um einzutreten<\/span>\n\t\t\t\t\t<\/span>\n\t\t\t\t\t<\/a>\n\t\t\t\t<\/div>\n\t\t\t\t\t\t\t\t<\/div>\n\t\t\t\t<\/div>\n\t\t\t\t<\/div>\n\t\t\t\t<\/div>\n\t\t\t\t<\/div>","protected":false},"excerpt":{"rendered":"<p>Terapia Florais de Bach Promova equil\u00edbrio emocional e bem-estar no dia a dia com os Florais de Bach, uma terapia natural indicada para todas as idades \u2014 desde crian\u00e7as at\u00e9 idosos \u2014 e que tamb\u00e9m pode auxiliar no cuidado e na harmonia dos animais. Clique para entrar Orienta\u00e7\u00e3o Familiar Apoio profissional para ajudar fam\u00edlias a [&hellip;]<\/p>","protected":false},"author":1,"featured_media":0,"parent":0,"menu_order":0,"comment_status":"closed","ping_status":"closed","template":"elementor_header_footer","meta":{"footnotes":""},"class_list":["post-44","page","type-page","status-publish","hentry"],"_links":{"self":[{"href":"https:\/\/tanialudwig.com\/de\/wp-json\/wp\/v2\/pages\/44","targetHints":{"allow":["GET"]}}],"collection":[{"href":"https:\/\/tanialudwig.com\/de\/wp-json\/wp\/v2\/pages"}],"about":[{"href":"https:\/\/tanialudwig.com\/de\/wp-json\/wp\/v2\/types\/page"}],"author":[{"embeddable":true,"href":"https:\/\/tanialudwig.com\/de\/wp-json\/wp\/v2\/users\/1"}],"replies":[{"embeddable":true,"href":"https:\/\/tanialudwig.com\/de\/wp-json\/wp\/v2\/comments?post=44"}],"version-history":[{"count":70,"href":"https:\/\/tanialudwig.com\/de\/wp-json\/wp\/v2\/pages\/44\/revisions"}],"predecessor-version":[{"id":386,"href":"https:\/\/tanialudwig.com\/de\/wp-json\/wp\/v2\/pages\/44\/revisions\/386"}],"wp:attachment":[{"href":"https:\/\/tanialudwig.com\/de\/wp-json\/wp\/v2\/media?parent=44"}],"curies":[{"name":"wp","href":"https:\/\/api.w.org\/{rel}","templated":true}]}}